{"id":2539,"date":"2019-11-14T08:01:23","date_gmt":"2019-11-14T08:01:23","guid":{"rendered":"http:\/\/consultorioveterinario.com\/traductor\/elementor-2522\/"},"modified":"2024-06-21T19:57:13","modified_gmt":"2024-06-21T19:57:13","slug":"material-interesante","status":"publish","type":"page","link":"https:\/\/traductor-profesional.com\/fr\/material-interesante\/","title":{"rendered":"Material Interesante"},"content":{"rendered":"\t\t<div data-elementor-type=\"wp-page\" data-elementor-id=\"2539\" class=\"elementor elementor-2539 elementor-2522\">\n\t\t\t\t\t\t<section class=\"elementor-section elementor-top-section elementor-element elementor-element-c96786e elementor-section-boxed elementor-section-height-default elementor-section-height-default\" data-id=\"c96786e\" data-element_type=\"section\">\n\t\t\t\t\t\t<div class=\"elementor-container elementor-column-gap-default\">\n\t\t\t\t\t<div class=\"elementor-column elementor-col-100 elementor-top-column elementor-element elementor-element-6817570\" data-id=\"6817570\" data-element_type=\"column\">\n\t\t\t<div class=\"elementor-widget-wrap elementor-element-populated\">\n\t\t\t\t\t\t<div class=\"elementor-element elementor-element-8c3848b elementor-widget elementor-widget-heading\" data-id=\"8c3848b\" data-element_type=\"widget\" data-widget_type=\"heading.default\">\n\t\t\t\t<div class=\"elementor-widget-container\">\n\t\t\t<h2 class=\"elementor-heading-title elementor-size-default\">Art\u00edculos, diccionarios, infograf\u00edas y cualquier otra cosa que me ha llamado la atenci\u00f3n.<\/h2>\t\t<\/div>\n\t\t\t\t<\/div>\n\t\t\t\t\t<\/div>\n\t\t<\/div>\n\t\t\t\t\t<\/div>\n\t\t<\/section>\n\t\t\t\t<section class=\"elementor-section elementor-top-section elementor-element elementor-element-318ec07 elementor-section-boxed elementor-section-height-default elementor-section-height-default\" data-id=\"318ec07\" data-element_type=\"section\">\n\t\t\t\t\t\t<div class=\"elementor-container elementor-column-gap-default\">\n\t\t\t\t\t<div class=\"elementor-column elementor-col-100 elementor-top-column elementor-element elementor-element-0cfd3da\" data-id=\"0cfd3da\" data-element_type=\"column\">\n\t\t\t<div class=\"elementor-widget-wrap elementor-element-populated\">\n\t\t\t\t\t\t<div class=\"elementor-element elementor-element-2867935 elementor-widget__width-inherit elementor-widget elementor-widget-text-editor\" data-id=\"2867935\" data-element_type=\"widget\" data-widget_type=\"text-editor.default\">\n\t\t\t\t<div class=\"elementor-widget-container\">\n\t\t\t\t\t\t\t<ol>\n \t<li><a href=\"http:\/\/consultorioveterinario.com\/traductor\/wp-content\/uploads\/2019\/11\/Diez-mandamientos-del-corrector-de-estilo.pdf\">Diez mandamientos del corrector de estilo<\/a><\/li>\n\n \t<li><a href=\"http:\/\/consultorioveterinario.com\/traductor\/wp-content\/uploads\/2019\/11\/Onomatopeyas_-del-\u00abja-ja\u00bb-espan\u0303ol-al-\u00abwaka-kaka\u00bb-indonesio-Yorokobu.pdf\">Onomatopeyas_ del \u00abja, ja\u00bb espan\u0303ol al \u00abwaka kaka\u00bb indonesio &#8211; Yorokobu<\/a><\/li>\n\n \t<li><a href=\"http:\/\/consultorioveterinario.com\/traductor\/wp-content\/uploads\/2019\/11\/DICCIONARIO_PANHISPANICO_DE_DUDAS.pdf\">DICCIONARIO_PANHISPANICO_DE_DUDAS<\/a><\/li>\n\n \t<li><a href=\"http:\/\/consultorioveterinario.com\/traductor\/wp-content\/uploads\/2019\/11\/Codigo_Deontologico_2016.pdf\">Codigo_Deontologico_2016<\/a><\/li>\n<\/ol>\t\t\t\t\t\t<\/div>\n\t\t\t\t<\/div>\n\t\t\t\t<div class=\"elementor-element elementor-element-1752f5df gallery-spacing-custom elementor-widget elementor-widget-image-gallery\" data-id=\"1752f5df\" data-element_type=\"widget\" data-widget_type=\"image-gallery.default\">\n\t\t\t\t<div class=\"elementor-widget-container\">\n\t\t\t\t\t<div class=\"elementor-image-gallery\">\n\t\t\t<div id='gallery-1' class='gallery galleryid-2539 gallery-columns-2 gallery-size-full'><figure class='gallery-item'>\n\t\t\t<div class='gallery-icon landscape'>\n\t\t\t\t<a data-elementor-open-lightbox=\"yes\" data-elementor-lightbox-slideshow=\"1752f5df\" data-elementor-lightbox-title=\"big6.jpg\" data-e-action-hash=\"#elementor-action%3Aaction%3Dlightbox%26settings%3DeyJpZCI6MjUyNSwidXJsIjoiaHR0cHM6XC9cL3RyYWR1Y3Rvci1wcm9mZXNpb25hbC5jb21cL3dwLWNvbnRlbnRcL3VwbG9hZHNcLzIwMTlcLzExXC9iaWc2LmpwZyIsInNsaWRlc2hvdyI6IjE3NTJmNWRmIn0%3D\" href='https:\/\/traductor-profesional.com\/wp-content\/uploads\/2019\/11\/big6.jpg'><img fetchpriority=\"high\" decoding=\"async\" width=\"1160\" height=\"520\" src=\"https:\/\/traductor-profesional.com\/wp-content\/uploads\/2019\/11\/big6.jpg\" class=\"attachment-full size-full\" alt=\"\" aria-describedby=\"gallery-1-2525\" srcset=\"https:\/\/traductor-profesional.com\/wp-content\/uploads\/2019\/11\/big6.jpg 1160w, https:\/\/traductor-profesional.com\/wp-content\/uploads\/2019\/11\/big6-300x134.jpg 300w, https:\/\/traductor-profesional.com\/wp-content\/uploads\/2019\/11\/big6-768x344.jpg 768w, https:\/\/traductor-profesional.com\/wp-content\/uploads\/2019\/11\/big6-1024x459.jpg 1024w\" sizes=\"(max-width: 1160px) 100vw, 1160px\" \/><\/a>\n\t\t\t<\/div>\n\t\t\t\t<figcaption class='wp-caption-text gallery-caption' id='gallery-1-2525'>\n\t\t\t\tDiez mandamientos del corrector de estilo\n\t\t\t\t<\/figcaption><\/figure><figure class='gallery-item'>\n\t\t\t<div class='gallery-icon landscape'>\n\t\t\t\t<a data-elementor-open-lightbox=\"yes\" data-elementor-lightbox-slideshow=\"1752f5df\" data-elementor-lightbox-title=\"big1.jpg\" data-e-action-hash=\"#elementor-action%3Aaction%3Dlightbox%26settings%3DeyJpZCI6MjUyOCwidXJsIjoiaHR0cHM6XC9cL3RyYWR1Y3Rvci1wcm9mZXNpb25hbC5jb21cL3dwLWNvbnRlbnRcL3VwbG9hZHNcLzIwMTlcLzExXC9iaWcxLmpwZyIsInNsaWRlc2hvdyI6IjE3NTJmNWRmIn0%3D\" href='https:\/\/traductor-profesional.com\/wp-content\/uploads\/2019\/11\/big1.jpg'><img decoding=\"async\" width=\"1160\" height=\"520\" src=\"https:\/\/traductor-profesional.com\/wp-content\/uploads\/2019\/11\/big1.jpg\" class=\"attachment-full size-full\" alt=\"\" srcset=\"https:\/\/traductor-profesional.com\/wp-content\/uploads\/2019\/11\/big1.jpg 1160w, https:\/\/traductor-profesional.com\/wp-content\/uploads\/2019\/11\/big1-300x134.jpg 300w, https:\/\/traductor-profesional.com\/wp-content\/uploads\/2019\/11\/big1-768x344.jpg 768w, https:\/\/traductor-profesional.com\/wp-content\/uploads\/2019\/11\/big1-1024x459.jpg 1024w\" sizes=\"(max-width: 1160px) 100vw, 1160px\" \/><\/a>\n\t\t\t<\/div><\/figure><figure class='gallery-item'>\n\t\t\t<div class='gallery-icon landscape'>\n\t\t\t\t<a data-elementor-open-lightbox=\"yes\" data-elementor-lightbox-slideshow=\"1752f5df\" data-elementor-lightbox-title=\"big2.jpg\" data-e-action-hash=\"#elementor-action%3Aaction%3Dlightbox%26settings%3DeyJpZCI6MjUzMSwidXJsIjoiaHR0cHM6XC9cL3RyYWR1Y3Rvci1wcm9mZXNpb25hbC5jb21cL3dwLWNvbnRlbnRcL3VwbG9hZHNcLzIwMTlcLzExXC9iaWcyLmpwZyIsInNsaWRlc2hvdyI6IjE3NTJmNWRmIn0%3D\" href='https:\/\/traductor-profesional.com\/wp-content\/uploads\/2019\/11\/big2.jpg'><img decoding=\"async\" width=\"1160\" height=\"520\" src=\"https:\/\/traductor-profesional.com\/wp-content\/uploads\/2019\/11\/big2.jpg\" class=\"attachment-full size-full\" alt=\"\" srcset=\"https:\/\/traductor-profesional.com\/wp-content\/uploads\/2019\/11\/big2.jpg 1160w, https:\/\/traductor-profesional.com\/wp-content\/uploads\/2019\/11\/big2-300x134.jpg 300w, https:\/\/traductor-profesional.com\/wp-content\/uploads\/2019\/11\/big2-768x344.jpg 768w, https:\/\/traductor-profesional.com\/wp-content\/uploads\/2019\/11\/big2-1024x459.jpg 1024w\" sizes=\"(max-width: 1160px) 100vw, 1160px\" \/><\/a>\n\t\t\t<\/div><\/figure><figure class='gallery-item'>\n\t\t\t<div class='gallery-icon landscape'>\n\t\t\t\t<a data-elementor-open-lightbox=\"yes\" data-elementor-lightbox-slideshow=\"1752f5df\" data-elementor-lightbox-title=\"big3.jpg\" data-e-action-hash=\"#elementor-action%3Aaction%3Dlightbox%26settings%3DeyJpZCI6MjUzNCwidXJsIjoiaHR0cHM6XC9cL3RyYWR1Y3Rvci1wcm9mZXNpb25hbC5jb21cL3dwLWNvbnRlbnRcL3VwbG9hZHNcLzIwMTlcLzExXC9iaWczLmpwZyIsInNsaWRlc2hvdyI6IjE3NTJmNWRmIn0%3D\" href='https:\/\/traductor-profesional.com\/wp-content\/uploads\/2019\/11\/big3.jpg'><img loading=\"lazy\" decoding=\"async\" width=\"1160\" height=\"520\" src=\"https:\/\/traductor-profesional.com\/wp-content\/uploads\/2019\/11\/big3.jpg\" class=\"attachment-full size-full\" alt=\"\" srcset=\"https:\/\/traductor-profesional.com\/wp-content\/uploads\/2019\/11\/big3.jpg 1160w, https:\/\/traductor-profesional.com\/wp-content\/uploads\/2019\/11\/big3-300x134.jpg 300w, https:\/\/traductor-profesional.com\/wp-content\/uploads\/2019\/11\/big3-768x344.jpg 768w, https:\/\/traductor-profesional.com\/wp-content\/uploads\/2019\/11\/big3-1024x459.jpg 1024w\" sizes=\"(max-width: 1160px) 100vw, 1160px\" \/><\/a>\n\t\t\t<\/div><\/figure>\n\t\t<\/div>\n\t\t<\/div>\n\t\t\t\t<\/div>\n\t\t\t\t<\/div>\n\t\t\t\t\t<\/div>\n\t\t<\/div>\n\t\t\t\t\t<\/div>\n\t\t<\/section>\n\t\t\t\t<\/div>\n\t\t","protected":false},"excerpt":{"rendered":"<p>Art\u00edculos, diccionarios, infograf\u00edas y cualquier otra cosa que me ha llamado la atenci\u00f3n. Diez mandamientos del corrector de estilo Onomatopeyas_ del \u00abja, ja\u00bb espan\u0303ol al \u00abwaka kaka\u00bb indonesio &#8211; Yorokobu DICCIONARIO_PANHISPANICO_DE_DUDAS Codigo_Deontologico_2016<\/p>\n","protected":false},"author":1,"featured_media":0,"parent":0,"menu_order":0,"comment_status":"closed","ping_status":"closed","template":"","meta":{"generate_page_header":"","footnotes":""},"class_list":{"0":"post-2539","1":"page","2":"type-page","3":"status-publish","5":"infinite-scroll-item"},"yoast_head":"<!-- This site is optimized with the Yoast SEO plugin v23.9 - https:\/\/yoast.com\/wordpress\/plugins\/seo\/ -->\n<title>Material Interesante - Clemen Corbal\u00e1n<\/title>\n<meta name=\"robots\" content=\"index, follow, max-snippet:-1, max-image-preview:large, max-video-preview:-1\" \/>\n<link rel=\"canonical\" href=\"https:\/\/traductor-profesional.com\/fr\/material-interesante\/\" \/>\n<meta property=\"og:locale\" content=\"fr_FR\" \/>\n<meta property=\"og:type\" content=\"article\" \/>\n<meta property=\"og:title\" content=\"Material Interesante - Clemen Corbal\u00e1n\" \/>\n<meta property=\"og:description\" content=\"Art\u00edculos, diccionarios, infograf\u00edas y cualquier otra cosa que me ha llamado la atenci\u00f3n. Diez mandamientos del corrector de estilo Onomatopeyas_ del \u00abja, ja\u00bb espan\u0303ol al \u00abwaka kaka\u00bb indonesio &#8211; Yorokobu DICCIONARIO_PANHISPANICO_DE_DUDAS Codigo_Deontologico_2016\" \/>\n<meta property=\"og:url\" content=\"https:\/\/traductor-profesional.com\/fr\/material-interesante\/\" \/>\n<meta property=\"og:site_name\" content=\"Clemen Corbal\u00e1n\" \/>\n<meta property=\"article:modified_time\" content=\"2024-06-21T19:57:13+00:00\" \/>\n<meta property=\"og:image\" content=\"http:\/\/consultorioveterinario.com\/traductor\/wp-content\/uploads\/2019\/11\/big6.jpg\" \/>\n<script type=\"application\/ld+json\" class=\"yoast-schema-graph\">{\"@context\":\"https:\/\/schema.org\",\"@graph\":[{\"@type\":\"WebPage\",\"@id\":\"https:\/\/traductor-profesional.com\/fr\/material-interesante\/\",\"url\":\"https:\/\/traductor-profesional.com\/fr\/material-interesante\/\",\"name\":\"Material Interesante - Clemen Corbal\u00e1n\",\"isPartOf\":{\"@id\":\"https:\/\/traductor-profesional.com\/#website\"},\"primaryImageOfPage\":{\"@id\":\"https:\/\/traductor-profesional.com\/fr\/material-interesante\/#primaryimage\"},\"image\":{\"@id\":\"https:\/\/traductor-profesional.com\/fr\/material-interesante\/#primaryimage\"},\"thumbnailUrl\":\"http:\/\/consultorioveterinario.com\/traductor\/wp-content\/uploads\/2019\/11\/big6.jpg\",\"datePublished\":\"2019-11-14T08:01:23+00:00\",\"dateModified\":\"2024-06-21T19:57:13+00:00\",\"breadcrumb\":{\"@id\":\"https:\/\/traductor-profesional.com\/fr\/material-interesante\/#breadcrumb\"},\"inLanguage\":\"fr-FR\",\"potentialAction\":[{\"@type\":\"ReadAction\",\"target\":[\"https:\/\/traductor-profesional.com\/fr\/material-interesante\/\"]}]},{\"@type\":\"ImageObject\",\"inLanguage\":\"fr-FR\",\"@id\":\"https:\/\/traductor-profesional.com\/fr\/material-interesante\/#primaryimage\",\"url\":\"http:\/\/consultorioveterinario.com\/traductor\/wp-content\/uploads\/2019\/11\/big6.jpg\",\"contentUrl\":\"http:\/\/consultorioveterinario.com\/traductor\/wp-content\/uploads\/2019\/11\/big6.jpg\"},{\"@type\":\"BreadcrumbList\",\"@id\":\"https:\/\/traductor-profesional.com\/fr\/material-interesante\/#breadcrumb\",\"itemListElement\":[{\"@type\":\"ListItem\",\"position\":1,\"name\":\"Inicio\",\"item\":\"https:\/\/traductor-profesional.com\/fr\/\"},{\"@type\":\"ListItem\",\"position\":2,\"name\":\"Material Interesante\"}]},{\"@type\":\"WebSite\",\"@id\":\"https:\/\/traductor-profesional.com\/#website\",\"url\":\"https:\/\/traductor-profesional.com\/\",\"name\":\"Clemen Corbal\u00e1n\",\"description\":\"Traductora de EN\/FR &gt; ES\",\"potentialAction\":[{\"@type\":\"SearchAction\",\"target\":{\"@type\":\"EntryPoint\",\"urlTemplate\":\"https:\/\/traductor-profesional.com\/?s={search_term_string}\"},\"query-input\":{\"@type\":\"PropertyValueSpecification\",\"valueRequired\":true,\"valueName\":\"search_term_string\"}}],\"inLanguage\":\"fr-FR\"}]}<\/script>\n<!-- \/ Yoast SEO plugin. -->","yoast_head_json":{"title":"Material Interesante - Clemen Corbal\u00e1n","robots":{"index":"index","follow":"follow","max-snippet":"max-snippet:-1","max-image-preview":"max-image-preview:large","max-video-preview":"max-video-preview:-1"},"canonical":"https:\/\/traductor-profesional.com\/fr\/material-interesante\/","og_locale":"fr_FR","og_type":"article","og_title":"Material Interesante - Clemen Corbal\u00e1n","og_description":"Art\u00edculos, diccionarios, infograf\u00edas y cualquier otra cosa que me ha llamado la atenci\u00f3n. Diez mandamientos del corrector de estilo Onomatopeyas_ del \u00abja, ja\u00bb espan\u0303ol al \u00abwaka kaka\u00bb indonesio &#8211; Yorokobu DICCIONARIO_PANHISPANICO_DE_DUDAS Codigo_Deontologico_2016","og_url":"https:\/\/traductor-profesional.com\/fr\/material-interesante\/","og_site_name":"Clemen Corbal\u00e1n","article_modified_time":"2024-06-21T19:57:13+00:00","og_image":[{"url":"http:\/\/consultorioveterinario.com\/traductor\/wp-content\/uploads\/2019\/11\/big6.jpg"}],"schema":{"@context":"https:\/\/schema.org","@graph":[{"@type":"WebPage","@id":"https:\/\/traductor-profesional.com\/fr\/material-interesante\/","url":"https:\/\/traductor-profesional.com\/fr\/material-interesante\/","name":"Material Interesante - Clemen Corbal\u00e1n","isPartOf":{"@id":"https:\/\/traductor-profesional.com\/#website"},"primaryImageOfPage":{"@id":"https:\/\/traductor-profesional.com\/fr\/material-interesante\/#primaryimage"},"image":{"@id":"https:\/\/traductor-profesional.com\/fr\/material-interesante\/#primaryimage"},"thumbnailUrl":"http:\/\/consultorioveterinario.com\/traductor\/wp-content\/uploads\/2019\/11\/big6.jpg","datePublished":"2019-11-14T08:01:23+00:00","dateModified":"2024-06-21T19:57:13+00:00","breadcrumb":{"@id":"https:\/\/traductor-profesional.com\/fr\/material-interesante\/#breadcrumb"},"inLanguage":"fr-FR","potentialAction":[{"@type":"ReadAction","target":["https:\/\/traductor-profesional.com\/fr\/material-interesante\/"]}]},{"@type":"ImageObject","inLanguage":"fr-FR","@id":"https:\/\/traductor-profesional.com\/fr\/material-interesante\/#primaryimage","url":"http:\/\/consultorioveterinario.com\/traductor\/wp-content\/uploads\/2019\/11\/big6.jpg","contentUrl":"http:\/\/consultorioveterinario.com\/traductor\/wp-content\/uploads\/2019\/11\/big6.jpg"},{"@type":"BreadcrumbList","@id":"https:\/\/traductor-profesional.com\/fr\/material-interesante\/#breadcrumb","itemListElement":[{"@type":"ListItem","position":1,"name":"Inicio","item":"https:\/\/traductor-profesional.com\/fr\/"},{"@type":"ListItem","position":2,"name":"Material Interesante"}]},{"@type":"WebSite","@id":"https:\/\/traductor-profesional.com\/#website","url":"https:\/\/traductor-profesional.com\/","name":"Clemen Corbal\u00e1n","description":"Traductora de EN\/FR &gt; ES","potentialAction":[{"@type":"SearchAction","target":{"@type":"EntryPoint","urlTemplate":"https:\/\/traductor-profesional.com\/?s={search_term_string}"},"query-input":{"@type":"PropertyValueSpecification","valueRequired":true,"valueName":"search_term_string"}}],"inLanguage":"fr-FR"}]}},"_links":{"self":[{"href":"https:\/\/traductor-profesional.com\/fr\/wp-json\/wp\/v2\/pages\/2539","targetHints":{"allow":["GET"]}}],"collection":[{"href":"https:\/\/traductor-profesional.com\/fr\/wp-json\/wp\/v2\/pages"}],"about":[{"href":"https:\/\/traductor-profesional.com\/fr\/wp-json\/wp\/v2\/types\/page"}],"author":[{"embeddable":true,"href":"https:\/\/traductor-profesional.com\/fr\/wp-json\/wp\/v2\/users\/1"}],"replies":[{"embeddable":true,"href":"https:\/\/traductor-profesional.com\/fr\/wp-json\/wp\/v2\/comments?post=2539"}],"version-history":[{"count":1,"href":"https:\/\/traductor-profesional.com\/fr\/wp-json\/wp\/v2\/pages\/2539\/revisions"}],"predecessor-version":[{"id":3872,"href":"https:\/\/traductor-profesional.com\/fr\/wp-json\/wp\/v2\/pages\/2539\/revisions\/3872"}],"wp:attachment":[{"href":"https:\/\/traductor-profesional.com\/fr\/wp-json\/wp\/v2\/media?parent=2539"}],"curies":[{"name":"wp","href":"https:\/\/api.w.org\/{rel}","templated":true}]}}