{"id":472,"date":"2017-04-15T11:38:58","date_gmt":"2017-04-15T11:38:58","guid":{"rendered":"http:\/\/consultorioveterinario.com\/traductor\/aviso-legal\/"},"modified":"2019-10-06T18:48:03","modified_gmt":"2019-10-06T18:48:03","slug":"aviso-legal","status":"publish","type":"page","link":"https:\/\/traductor-profesional.com\/fr\/aviso-legal\/","title":{"rendered":"Aviso Legal &#8211; Pol\u00edtica de Privacidad &#8211; Pol\u00edtica de Cookies"},"content":{"rendered":"<p><strong>Aviso Legal<\/strong><\/p>\n<p>Para cumplir con el deber de informaci\u00f3n recogido en el art\u00edculo 10 de la Ley 34\/2002, de 11 de julio, de Servicios de la Sociedad de la Informaci\u00f3n y del Comercio Electr\u00f3nico, se declara la p\u00e1gina web <a href=\"http:\/\/consultorioveterinario.com\/traductor\/\">http:\/\/consultorioveterinario.com\/traductor\/<\/a> como un sitio web personal gestionado por Clemencia Corbal\u00e1n Jim\u00e9nez\u00a0(en adelante, Clemen), con DNI 52812067L y domicilio en Espa\u00f1a.<\/p>\n<p>Lo que Clemen va incluyendo en esta web tiene fines divulgativos e informativos que ella puede modificar, ampliar o actualizar en cualquier momento y no podr\u00e1 ser considerado como una oferta de servicios o como asesoramiento en materia de traducci\u00f3n o en ninguna otra materia. Se proh\u00edbe su reproducci\u00f3n, excepto para uso privado; su transformaci\u00f3n, distribuci\u00f3n, divulgaci\u00f3n p\u00fablica, puesta a disposici\u00f3n del p\u00fablico y cualquier otra forma de explotaci\u00f3n, por cualquier medio, de todo o parte del contenido incluido en ella, as\u00ed como su dise\u00f1o, logotipos, im\u00e1genes y documentos, sin autorizaci\u00f3n expresa y por escrito de Clemen.<\/p>\n<h4><strong>Garant\u00eda<\/strong><\/h4>\n<p>Clemen respeta su derecho a la privacidad y le garantiza la protecci\u00f3n de sus datos personales, cumpliendo as\u00ed con la Ley 15\/1999, de 13 de diciembre, de Protecci\u00f3n de Datos de Car\u00e1cter Personal y la ya citada Ley 34\/2002, de 11 de julio (en adelante, Leyes) y con esta Pol\u00edtica de Privacidad.<\/p>\n<h4><strong>Registro<\/strong><\/h4>\n<p>En la\u00a0 web hay un listado de servicios, como el de contacto, a trav\u00e9s de un correo electr\u00f3nico o de un formulario de contacto, mediante el cual se solicita un nombre y una direcci\u00f3n de correo electr\u00f3nico. Clemen solo guardar\u00e1 en su base de datos los datos que le sean \u00fatiles para prestarle el servicio que usted quiera. Los datos personales solicitados en los formularios de registro son enviados bajo consentimiento.<\/p>\n<h4><strong>Sus derechos<\/strong><\/h4>\n<p>Cumpliendo con las Leyes, le informo de que la \u00fanica finalidad de la base de datos de registros de la newsletter es el env\u00edo de informaci\u00f3n sobre novedades puntuales. Clemen le garantiza que s\u00f3lo ella acceder\u00e1 a sus datos y que, en ning\u00fan caso, dichos datos ser\u00e1n cedidos, compartidos, transferidos ni vendidos a terceros.<\/p>\n<p>Tambi\u00e9n de acuerdo a las Leyes, usted tiene derecho, en cualquier momento, de acceso, rectificaci\u00f3n, cancelaci\u00f3n y oposici\u00f3n ante Clemen. Podr\u00e1 hacerlo, bien d\u00e1ndose de baja <span style=\"display: inline !important; float: none; background-color: transparent; color: #333333; cursor: text; font-family: Georgia,'Times New Roman','Bitstream Charter',Times,serif; font-size: 16px; font-style: normal; font-variant: normal; font-weight: 400; letter-spacing: normal; orphans: 2; text-align: left; text-decoration: none; text-indent: 0px; text-transform: none; -webkit-text-stroke-width: 0px; white-space: normal; word-spacing: 0px;\">directamente <\/span>del servicio de newsletter (en cada mensaje se adjunta un enlace de baja instant\u00e1nea, en un solo clic), bien mediante por correo electr\u00f3nico a: <a href=\"mailto:info@traductor-profesional.com\">info@traductor-profesional.com<\/a>, o enviando una carta al domicilio de Clemen:<\/p>\n<p><em>Clemencia Corbal\u00e1n Jim\u00e9nez<\/em><\/p>\n<p><em>C\/Herradura, 2 <\/em><\/p>\n<p><em>30440-MORATALLA (Murcia)<\/em><\/p>\n<p>&nbsp;<\/p>\n<h4><strong>Pol\u00edtica Anti-Spam<\/strong><\/h4>\n<p>Clemen se opone a la recepci\u00f3n de comunicaciones comerciales no solicitadas y a cualquier tipo de conducta o manifestaci\u00f3n de \u00abspamming\u00bb. Ella no apoya, practica ni suscribe este tipo de conductas o manifestaciones; por lo tanto, el proceso de registro no debe ser utilizado para inscribir direcciones de correo de personas ajenas sin el consentimiento expreso de dichas personas. De hecho, se ha creado una lista de correo que requiere la confirmaci\u00f3n expl\u00edcita del suscriptor de la activaci\u00f3n del servicio antes de recibir noticias por correo electr\u00f3nico.<\/p>\n<p>Si usted recibe alg\u00fan email sin haberse registrado en el sistema ni haber dado su consentimiento expreso a dicho registro, puede ponerse en contacto con Clemen (info@traductor-profesional.com), y solicitar la cancelaci\u00f3n de su direcci\u00f3n electr\u00f3nica del sistema.<\/p>\n<h4><strong>Seguridad<\/strong><\/h4>\n<p>Clemen ha adoptado las medidas necesarias para garantizar la seguridad de los datos personales de la base de datos de suscriptores y evitar su alteraci\u00f3n, p\u00e9rdida, tratamiento o acceso no autorizado, a causa de la tecnolog\u00eda, la naturaleza de los datos y los riesgos a que est\u00e1n expuestos.<\/p>\n<h4><strong>Seguridad en la transmisi\u00f3n de datos<\/strong><\/h4>\n<p>Clemen no codifica o encripta sus datos personales en el momento de transmitirlos, por lo que dicha transmisi\u00f3n no se realiza de modo seguro. Ella no puede asegurar o garantizar la seguridad de ninguna informaci\u00f3n que usted nos transmita online, por lo que, en caso de hacerlo, usted asume el riesgo de la transmisi\u00f3n por su propia cuenta. Una vez los datos son recibidos en el sistema, se garantiza la aplicaci\u00f3n a los mismos de las medidas de seguridad que establece la ley aplicable en cada momento.<\/p>\n<h4><strong>Contacto<\/strong><\/h4>\n<p>Si usted tiene dudas, quejas, sugerencias, etc., sobre la Pol\u00edtica de Privacidad descrita, puede expresarlo en la p\u00e1gina de \u00abContacto\u00bb, por correo (info@traductor-profesional.com), o por carta, al domicilio de la titular <span style=\"display: inline !important; float: none; background-color: transparent; color: #333333; cursor: text; font-family: Georgia,'Times New Roman','Bitstream Charter',Times,serif; font-size: 16px; font-style: normal; font-variant: normal; font-weight: 400; letter-spacing: normal; orphans: 2; text-align: left; text-decoration: none; text-indent: 0px; text-transform: none; -webkit-text-stroke-width: 0px; white-space: normal; word-spacing: 0px;\">antes<\/span> citado.<\/p>\n<h4><strong>Ley aplicable y jurisdicci\u00f3n<\/strong><\/h4>\n<p>Para la resoluci\u00f3n de todas las cuestiones o <span style=\"display: inline !important; float: none; background-color: transparent; color: #333333; cursor: text; font-family: Georgia,'Times New Roman','Bitstream Charter',Times,serif; font-size: 16px; font-style: normal; font-variant: normal; font-weight: 400; letter-spacing: normal; orphans: 2; text-align: left; text-decoration: none; text-indent: 0px; text-transform: none; -webkit-text-stroke-width: 0px; white-space: normal; word-spacing: 0px;\">actividades <\/span>relacionadas con este sitio web se aplicar\u00e1 la legislaci\u00f3n espa\u00f1ola, a la que se someten las partes implicadas.<\/p>\n<p><strong>Pol\u00edtica de Privacidad<\/strong><\/p>\n<p>Dicha pol\u00edtica establece la forma en que se van a gestionar los datos personales en esta web. Es imprescindible que la leas y aceptes antes de seguir navegando.<\/p>\n<p>La web\u00a0http:\/\/consultorioveterinario.com\/traductor\/ es un proyecto de\u00a0Clemencia Corbal\u00e1n Jim\u00e9nez, con DNI: 52.812.067L<\/p>\n<p>Un valor esencial para ella es la transparencia, por eso desea que sepas que la privacidad de tus datos es muy importante para ella. En esta declaraci\u00f3n de privacidad explica qu\u00e9 datos personales recopila y c\u00f3mo los utiliza. Y te invita a leerla antes de facilitar tus datos personales aqu\u00ed.<\/p>\n<p>Los mayores de trece a\u00f1os podr\u00e1n registrarse como usuarios sin el previo consentimiento de sus padres o tutores. Los menores de trece a\u00f1os, en cambio, necesitar\u00e1n el consentimiento de estos para el tratamiento de sus datos personales.<\/p>\n<p>No se pedir\u00e1 al menor de edad ning\u00fan dato de la situaci\u00f3n profesional o econ\u00f3mica o la intimidad de los dem\u00e1s miembros de su familia, sin el consentimiento de estos.<\/p>\n<p>Si eres menor de trece a\u00f1os y has accedido a este sitio web sin avisar a tus padres, no debes registrarte como usuario.<\/p>\n<p>En esta web se respetan y cuidan los datos personales de los usuarios. Como usuario, debes saber que tus derechos est\u00e1n garantizados.<\/p>\n<p>Solo se pide la informaci\u00f3n personal realmente necesaria para prestar los servicios que se acuerden.<\/p>\n<p>No se comparte informaci\u00f3n personal con nadie, excepto para cumplir con la ley o en caso de contar con tu autorizaci\u00f3n expresa. Tampoco se utilizan con una finalidad diferente a la expresada en esta pol\u00edtica de privacidad. De cualquier forma, esta Pol\u00edtica de Privacidad puede variar en funci\u00f3n de exigencias legislativas o de autorregulaci\u00f3n, por lo que os aconsejo que la visit\u00e9is peri\u00f3dicamente. Y se aplicar\u00e1 en caso de que decidas rellenar alg\u00fan formulario de contacto en donde se recaben datos de car\u00e1cter personal.<\/p>\n<p>Traductor-profesional.com ha adecuado esta web a las exigencias de la Ley Org\u00e1nica 15\/1999, de 13 de diciembre, de Protecci\u00f3n de Datos de Car\u00e1cter Personal (LOPD), y al Real Decreto 1720\/2007, de 21 de diciembre, conocida como el Reglamento de Desarrollo de la LOPD. Cumple tambi\u00e9n con el Reglamento (UE) 2016\/679 del Parlamento Europeo y del Consejo de 27 de abril de 2016, relativo a la protecci\u00f3n de las personas f\u00edsicas (RGPD), as\u00ed como con la Ley 34\/2002, de 11 de julio, de Servicios de la Sociedad de la Informaci\u00f3n y Comercio Electr\u00f3nico (LSSICE o LSSI).<\/p>\n<p><strong>Responsable del tratamiento de tus datos personales:<\/strong><br \/>\nClemencia Corbal\u00e1n Jim\u00e9nez, con DNI: 52.812.067L<br \/>\nDirecci\u00f3n: C\/ Herradura, 2, Moratalla (Murcia)<br \/>\nCorreo electr\u00f3nico:\u00a0info@traductor-profesional.com<br \/>\nActividad:\u00a0Servicios de traducci\u00f3n y correcci\u00f3n<\/p>\n<p>A efectos de lo previsto en el Reglamento General de Protecci\u00f3n de Datos antes citado, los datos personales que env\u00edes a trav\u00e9s de los formularios de la web se tratar\u00e1n como: \u00abUsuarios de la web y suscriptores\u00bb.<\/p>\n<p>Para el tratamiento de datos de los usuarios, se aplican todas las medidas t\u00e9cnicas y organizativas de seguridad establecidas en la legislaci\u00f3n vigente.<\/p>\n<p><strong>Principios que aplicaremos a tu informaci\u00f3n personal:<\/strong><\/p>\n<p><strong>Principio de licitud, lealtad y transparencia<\/strong>:\u00a0Siempre requerir\u00e9 tu consentimiento para el tratamiento de tus datos personales, ya sea para uno o para varios fines espec\u00edficos, que te comunicar\u00e9 previamente con absoluta transparencia.<br \/>\n<strong>Principio de minimizaci\u00f3n de datos<\/strong>:\u00a0Solo se piden los datos estrictamente necesarios para dichos fines.<br \/>\n<strong>Principio de limitaci\u00f3n del plazo de conservaci\u00f3n<\/strong>: Los datos se mantendr\u00e1n solo el tiempo necesario para los fines del tratamiento, en funci\u00f3n a la finalidad. Se te informar\u00e1 del plazo de conservaci\u00f3n correspondiente. En el caso de suscripciones, se revisar\u00e1n peri\u00f3dicamente las listas y se eliminar\u00e1n los registros inactivos durante un tiempo considerable.<br \/>\n<strong>Principio de integridad y confidencialidad<\/strong>:\u00a0Tus datos personales se tratar\u00e1n de manera confidencial para garantizar tu seguridad, para lo cual se tomar\u00e1n las medidas necesarias que eviten el acceso no autorizado o uso indebido de tus datos por parte de terceros.<\/p>\n<p><strong>\u00bfC\u00f3mo se obtienen tus datos?<\/strong> Pues a trav\u00e9s de:<\/p>\n<p>Formulario de contacto<br \/>\nFormulario de suscripci\u00f3n<br \/>\nComentarios en blog<br \/>\nFormulario de solicitud de servicios<br \/>\nFormulario de alta como afiliado<br \/>\nFormulario de venta<\/p>\n<p>\u00bfCu\u00e1les son tus derechos cuando nos facilitas tus datos?<br \/>\nCualquier persona tiene derecho a obtener confirmaci\u00f3n sobre si en esta p\u00e1gina se est\u00e1n tratando datos personales que te conciernen, o no.<\/p>\n<p>Tienes derecho a:<\/p>\n<ul>\n<li>Solicitar el acceso a tus datos personales;<\/li>\n<li>Solicitar su rectificaci\u00f3n o supresi\u00f3n;<\/li>\n<li>Solicitar la limitaci\u00f3n de su tratamiento;<\/li>\n<li>Oponerse al tratamiento;<\/li>\n<li>Solicitar la portabilidad de los datos.<\/li>\n<\/ul>\n<p>Podr\u00e1s acceder\u00a0a sus datos personales, rectificar los datos inexactos o solicitar su\u00a0supresi\u00f3n\u00a0cuando, entre otros motivos, los datos ya no sean necesarios para los fines que fueron recogidos. En determinadas circunstancias, podr\u00e1n solicitar la\u00a0limitaci\u00f3n\u00a0del tratamiento de tus datos, en cuyo caso \u00fanicamente los conservar\u00e9 para el ejercicio o la defensa de reclamaciones.<\/p>\n<p>En ciertas circunstancias, y por motivos relacionados con tu situaci\u00f3n particular, podr\u00e1s oponerte\u00a0al tratamiento de tus datos. Traductor-profesional.com dejar\u00e1 de tratarlos, salvo por motivos leg\u00edtimos imperiosos, o el ejercicio o la defensa de posibles reclamaciones. Como interesado, tienes derecho a recibir los datos personales que te incumban, que nos hayas facilitado en un formato estructurado, de uso com\u00fan y lectura mec\u00e1nica; tambi\u00e9n a transmitirlos a otro responsable del tratamiento, cuando:<\/p>\n<p>Hayas manifestado tu consentimiento con dicho tratamiento.<br \/>\nLos datos hayan sido facilitados por ti.<br \/>\nEl tratamiento se efect\u00fae por medios automatizados.<\/p>\n<p>En cuanto a la <strong>portabilidad de los datos<\/strong>, tienes derecho a que los datos personales se transmitan directamente de responsable a responsable, cuando sea t\u00e9cnicamente posible.<\/p>\n<p>Tambi\u00e9n tienes derecho a la tutela judicial efectiva y a presentar una reclamaci\u00f3n ante la autoridad de control ( la Agencia Espa\u00f1ola de Protecci\u00f3n de Datos), si consideras que el tratamiento de datos personales que te conciernen infringe el Reglamento.<\/p>\n<p><strong>\u00bfCon qu\u00e9 finalidad se tratan tus datos personales?<\/strong><br \/>\nCuando un usuario se conecta con esta web, por ejemplo, para comentar un post, mandar un correo al titular, suscribirse o realizar alguna contrataci\u00f3n, est\u00e1 facilitando informaci\u00f3n de car\u00e1cter personal de la que es responsable Clemen. Esa informaci\u00f3n puede incluir datos de car\u00e1cter personal, como tu direcci\u00f3n IP, nombre, direcci\u00f3n f\u00edsica, correo electr\u00f3nico, n\u00famero de tel\u00e9fono, etc. Al facilitar esta informaci\u00f3n, das tu consentimiento para que <span style=\"display: inline !important; float: none; background-color: transparent; color: #333333; cursor: text; font-family: Georgia,'Times New Roman','Bitstream Charter',Times,serif; font-size: 16px; font-style: normal; font-variant: normal; font-weight: 400; letter-spacing: normal; orphans: 2; text-align: left; text-decoration: none; text-indent: 0px; text-transform: none; -webkit-text-stroke-width: 0px; white-space: normal; word-spacing: 0px;\">lexblogger.com<\/span> la recopile, utilice, gestione y almacena, c\u00f3mo se explica en el Aviso Legal y en esta Pol\u00edtica de Privacidad.<\/p>\n<p>Seg\u00fan el\u00a0<strong>RGPD\u00a0<\/strong>(Reglamento Europeo de protecci\u00f3n de datos)<strong> traductor-profesional.com<\/strong> te informa que los datos de car\u00e1cter personal que me proporciones rellenando el presente formulario ser\u00e1n tratados por <em>Clemencia Corbal\u00e1n Jim\u00e9nez <\/em>como responsable de esta web.<\/p>\n<ul>\n<li><b>Finalidad de la recogida y tratamiento de los datos personales:<\/b>\u00a0enviar la informaci\u00f3n que el usuario requiera a trav\u00e9s de la web. Los datos proporcionados se conservar\u00e1n mientras se mantenga la relaci\u00f3n comercial o durante los a\u00f1os necesarios para cumplir con las obligaciones legales. Los datos no se ceden a terceros salvo en los casos en que exista una obligaci\u00f3n legal.<\/li>\n<li><b>Legitimaci\u00f3n:<\/b>\u00a0Consentimiento del interesado.<\/li>\n<li><b>Destinatarios:<\/b>\u00a0Hosting:\u00a0<a href=\"https:\/\/www.webempresa.com\/aviso-legal.html\" rel=\"nofollow\">Webempresa Europa S.L.<\/a>\u00a0Debes saber que mi hosting es 100% espa\u00f1ol y 100% seguro.<\/li>\n<li><b>Derechos:<\/b>\u00a0Podr\u00e1s ejercer tus derechos de acceso, rectificaci\u00f3n, limitaci\u00f3n y suprimir los datos en\u00a0<a href=\"mailto:info@corbax.com\">info@corbax.com<\/a>\u00a0as\u00ed como el derecho a presentar una reclamaci\u00f3n ante una autoridad de control.<\/li>\n<li>El hecho de que no introduzcas los datos de car\u00e1cter personal que aparecen en el formulario como obligatorios podr\u00e1 tener como consecuencia que no pueda atender tu solicitud.<\/li>\n<li><b>Informaci\u00f3n adicional:<\/b> Puedes consultar la informaci\u00f3n adicional y detallada sobre Protecci\u00f3n de Datos en nuestra p\u00e1gina web.<\/li>\n<\/ul>\n","protected":false},"excerpt":{"rendered":"<p>Aviso Legal Para cumplir con el deber de informaci\u00f3n recogido en el art\u00edculo 10 de la Ley 34\/2002, de 11 de julio, de Servicios de la Sociedad de la Informaci\u00f3n y del Comercio Electr\u00f3nico, se &#8230; <a title=\"Aviso Legal &#8211; Pol\u00edtica de Privacidad &#8211; Pol\u00edtica de Cookies\" class=\"read-more\" href=\"https:\/\/traductor-profesional.com\/fr\/aviso-legal\/\" aria-label=\"En savoir plus sur Aviso Legal &#8211; Pol\u00edtica de Privacidad &#8211; Pol\u00edtica de Cookies\">Leer m\u00e1s<\/a><\/p>\n","protected":false},"author":1,"featured_media":0,"parent":0,"menu_order":0,"comment_status":"closed","ping_status":"closed","template":"","meta":{"generate_page_header":"","footnotes":""},"class_list":{"0":"post-472","1":"page","2":"type-page","3":"status-publish","5":"infinite-scroll-item"},"yoast_head":"<!-- This site is optimized with the Yoast SEO plugin v23.9 - https:\/\/yoast.com\/wordpress\/plugins\/seo\/ -->\n<title>Aviso Legal - Pol\u00edtica de Privacidad - Pol\u00edtica de Cookies - Clemen Corbal\u00e1n<\/title>\n<meta name=\"robots\" content=\"index, follow, max-snippet:-1, max-image-preview:large, max-video-preview:-1\" \/>\n<link rel=\"canonical\" href=\"https:\/\/traductor-profesional.com\/fr\/aviso-legal\/\" \/>\n<meta property=\"og:locale\" content=\"fr_FR\" \/>\n<meta property=\"og:type\" content=\"article\" \/>\n<meta property=\"og:title\" content=\"Aviso Legal - Pol\u00edtica de Privacidad - Pol\u00edtica de Cookies - Clemen Corbal\u00e1n\" \/>\n<meta property=\"og:description\" content=\"Aviso Legal Para cumplir con el deber de informaci\u00f3n recogido en el art\u00edculo 10 de la Ley 34\/2002, de 11 de julio, de Servicios de la Sociedad de la Informaci\u00f3n y del Comercio Electr\u00f3nico, se ... Leer m\u00e1s\" \/>\n<meta property=\"og:url\" content=\"https:\/\/traductor-profesional.com\/fr\/aviso-legal\/\" \/>\n<meta property=\"og:site_name\" content=\"Clemen Corbal\u00e1n\" \/>\n<meta property=\"article:modified_time\" content=\"2019-10-06T18:48:03+00:00\" \/>\n<meta name=\"twitter:label1\" content=\"Dur\u00e9e de lecture estim\u00e9e\" \/>\n\t<meta name=\"twitter:data1\" content=\"11 minutes\" \/>\n<script type=\"application\/ld+json\" class=\"yoast-schema-graph\">{\"@context\":\"https:\/\/schema.org\",\"@graph\":[{\"@type\":\"WebPage\",\"@id\":\"https:\/\/traductor-profesional.com\/fr\/aviso-legal\/\",\"url\":\"https:\/\/traductor-profesional.com\/fr\/aviso-legal\/\",\"name\":\"Aviso Legal - Pol\u00edtica de Privacidad - Pol\u00edtica de Cookies - Clemen Corbal\u00e1n\",\"isPartOf\":{\"@id\":\"https:\/\/traductor-profesional.com\/#website\"},\"datePublished\":\"2017-04-15T11:38:58+00:00\",\"dateModified\":\"2019-10-06T18:48:03+00:00\",\"breadcrumb\":{\"@id\":\"https:\/\/traductor-profesional.com\/fr\/aviso-legal\/#breadcrumb\"},\"inLanguage\":\"fr-FR\",\"potentialAction\":[{\"@type\":\"ReadAction\",\"target\":[\"https:\/\/traductor-profesional.com\/fr\/aviso-legal\/\"]}]},{\"@type\":\"BreadcrumbList\",\"@id\":\"https:\/\/traductor-profesional.com\/fr\/aviso-legal\/#breadcrumb\",\"itemListElement\":[{\"@type\":\"ListItem\",\"position\":1,\"name\":\"Inicio\",\"item\":\"https:\/\/traductor-profesional.com\/fr\/\"},{\"@type\":\"ListItem\",\"position\":2,\"name\":\"Aviso Legal &#8211; Pol\u00edtica de Privacidad &#8211; Pol\u00edtica de Cookies\"}]},{\"@type\":\"WebSite\",\"@id\":\"https:\/\/traductor-profesional.com\/#website\",\"url\":\"https:\/\/traductor-profesional.com\/\",\"name\":\"Clemen Corbal\u00e1n\",\"description\":\"Traductora de EN\/FR &gt; ES\",\"potentialAction\":[{\"@type\":\"SearchAction\",\"target\":{\"@type\":\"EntryPoint\",\"urlTemplate\":\"https:\/\/traductor-profesional.com\/?s={search_term_string}\"},\"query-input\":{\"@type\":\"PropertyValueSpecification\",\"valueRequired\":true,\"valueName\":\"search_term_string\"}}],\"inLanguage\":\"fr-FR\"}]}<\/script>\n<!-- \/ Yoast SEO plugin. -->","yoast_head_json":{"title":"Aviso Legal - Pol\u00edtica de Privacidad - Pol\u00edtica de Cookies - Clemen Corbal\u00e1n","robots":{"index":"index","follow":"follow","max-snippet":"max-snippet:-1","max-image-preview":"max-image-preview:large","max-video-preview":"max-video-preview:-1"},"canonical":"https:\/\/traductor-profesional.com\/fr\/aviso-legal\/","og_locale":"fr_FR","og_type":"article","og_title":"Aviso Legal - Pol\u00edtica de Privacidad - Pol\u00edtica de Cookies - Clemen Corbal\u00e1n","og_description":"Aviso Legal Para cumplir con el deber de informaci\u00f3n recogido en el art\u00edculo 10 de la Ley 34\/2002, de 11 de julio, de Servicios de la Sociedad de la Informaci\u00f3n y del Comercio Electr\u00f3nico, se ... Leer m\u00e1s","og_url":"https:\/\/traductor-profesional.com\/fr\/aviso-legal\/","og_site_name":"Clemen Corbal\u00e1n","article_modified_time":"2019-10-06T18:48:03+00:00","twitter_misc":{"Dur\u00e9e de lecture estim\u00e9e":"11 minutes"},"schema":{"@context":"https:\/\/schema.org","@graph":[{"@type":"WebPage","@id":"https:\/\/traductor-profesional.com\/fr\/aviso-legal\/","url":"https:\/\/traductor-profesional.com\/fr\/aviso-legal\/","name":"Aviso Legal - Pol\u00edtica de Privacidad - Pol\u00edtica de Cookies - Clemen Corbal\u00e1n","isPartOf":{"@id":"https:\/\/traductor-profesional.com\/#website"},"datePublished":"2017-04-15T11:38:58+00:00","dateModified":"2019-10-06T18:48:03+00:00","breadcrumb":{"@id":"https:\/\/traductor-profesional.com\/fr\/aviso-legal\/#breadcrumb"},"inLanguage":"fr-FR","potentialAction":[{"@type":"ReadAction","target":["https:\/\/traductor-profesional.com\/fr\/aviso-legal\/"]}]},{"@type":"BreadcrumbList","@id":"https:\/\/traductor-profesional.com\/fr\/aviso-legal\/#breadcrumb","itemListElement":[{"@type":"ListItem","position":1,"name":"Inicio","item":"https:\/\/traductor-profesional.com\/fr\/"},{"@type":"ListItem","position":2,"name":"Aviso Legal &#8211; Pol\u00edtica de Privacidad &#8211; Pol\u00edtica de Cookies"}]},{"@type":"WebSite","@id":"https:\/\/traductor-profesional.com\/#website","url":"https:\/\/traductor-profesional.com\/","name":"Clemen Corbal\u00e1n","description":"Traductora de EN\/FR &gt; ES","potentialAction":[{"@type":"SearchAction","target":{"@type":"EntryPoint","urlTemplate":"https:\/\/traductor-profesional.com\/?s={search_term_string}"},"query-input":{"@type":"PropertyValueSpecification","valueRequired":true,"valueName":"search_term_string"}}],"inLanguage":"fr-FR"}]}},"_links":{"self":[{"href":"https:\/\/traductor-profesional.com\/fr\/wp-json\/wp\/v2\/pages\/472","targetHints":{"allow":["GET"]}}],"collection":[{"href":"https:\/\/traductor-profesional.com\/fr\/wp-json\/wp\/v2\/pages"}],"about":[{"href":"https:\/\/traductor-profesional.com\/fr\/wp-json\/wp\/v2\/types\/page"}],"author":[{"embeddable":true,"href":"https:\/\/traductor-profesional.com\/fr\/wp-json\/wp\/v2\/users\/1"}],"replies":[{"embeddable":true,"href":"https:\/\/traductor-profesional.com\/fr\/wp-json\/wp\/v2\/comments?post=472"}],"version-history":[{"count":0,"href":"https:\/\/traductor-profesional.com\/fr\/wp-json\/wp\/v2\/pages\/472\/revisions"}],"wp:attachment":[{"href":"https:\/\/traductor-profesional.com\/fr\/wp-json\/wp\/v2\/media?parent=472"}],"curies":[{"name":"wp","href":"https:\/\/api.w.org\/{rel}","templated":true}]}}