{"id":666,"date":"2018-05-22T09:14:39","date_gmt":"2018-05-22T09:14:39","guid":{"rendered":"http:\/\/consultorioveterinario.com\/traductor\/servicios-traduccion\/tarifas\/"},"modified":"2019-11-14T07:48:58","modified_gmt":"2019-11-14T07:48:58","slug":"tarifas","status":"publish","type":"page","link":"https:\/\/traductor-profesional.com\/fr\/servicios-traduccion\/tarifas\/","title":{"rendered":"Tarifas y Precios"},"content":{"rendered":"\t\t<div data-elementor-type=\"wp-post\" data-elementor-id=\"666\" class=\"elementor elementor-666\">\n\t\t\t\t\t\t<section class=\"elementor-section elementor-top-section elementor-element elementor-element-b301a70 elementor-section-boxed elementor-section-height-default elementor-section-height-default\" data-id=\"b301a70\" data-element_type=\"section\">\n\t\t\t\t\t\t<div class=\"elementor-container elementor-column-gap-default\">\n\t\t\t\t\t<div class=\"elementor-column elementor-col-100 elementor-top-column elementor-element elementor-element-61d43f6\" data-id=\"61d43f6\" data-element_type=\"column\">\n\t\t\t<div class=\"elementor-widget-wrap elementor-element-populated\">\n\t\t\t\t\t\t<div class=\"elementor-element elementor-element-4d25250 elementor-widget elementor-widget-image\" data-id=\"4d25250\" data-element_type=\"widget\" data-widget_type=\"image.default\">\n\t\t\t\t<div class=\"elementor-widget-container\">\n\t\t\t\t\t\t\t\t\t\t\t\t\t<img fetchpriority=\"high\" decoding=\"async\" width=\"400\" height=\"212\" src=\"https:\/\/traductor-profesional.com\/wp-content\/uploads\/2017\/04\/translation-from-home.jpg\" class=\"attachment-large size-large wp-image-196\" alt=\"\" srcset=\"https:\/\/traductor-profesional.com\/wp-content\/uploads\/2017\/04\/translation-from-home.jpg 400w, https:\/\/traductor-profesional.com\/wp-content\/uploads\/2017\/04\/translation-from-home-300x159.jpg 300w\" sizes=\"(max-width: 400px) 100vw, 400px\" \/>\t\t\t\t\t\t\t\t\t\t\t\t\t<\/div>\n\t\t\t\t<\/div>\n\t\t\t\t<div class=\"elementor-element elementor-element-e04794c elementor-widget elementor-widget-text-editor\" data-id=\"e04794c\" data-element_type=\"widget\" data-widget_type=\"text-editor.default\">\n\t\t\t\t<div class=\"elementor-widget-container\">\n\t\t\t\t\t\t\t<p><span style=\"font-weight: 400;\"><strong>+TARIFAS:<\/strong> Las tarifas son orientativas, podr\u00e1n variar en funci\u00f3n de las caracter\u00edsticas del texto (volumen, tiempo disponible para el trabajo, complejidad terminol\u00f3gica o conceptual, claridad de exposici\u00f3n, etc.). Las que se ofrecen aqu\u00ed se aplican a textos de car\u00e1cter general (textos simples como revistas, dosieres, escritos, etc.), que no utilizan un l\u00e9xico y un formato de texto especializado. Si sus\u00a0textos son especializados\u00a0cons\u00faltenos, le elaboraremos un presupuesto de forma gratuita y sin compromiso.\u00a0Para pedir un presupuesto, debe enviar: <\/span><\/p><ul><li style=\"font-weight: 400;\"><i><span style=\"font-weight: 400;\">El n\u00famero de caracteres con espac<\/span><\/i><i><span style=\"font-weight: 400;\">ios del texto completo;<\/span><\/i><\/li><li style=\"font-weight: 400;\"><em><span style=\"font-weight: 400;\">El tipo de texto (t\u00e9cnico, literario, po\u00e9tico&#8230;);<\/span><\/em><\/li><li style=\"font-weight: 400;\"><em><span style=\"font-weight: 400;\">El plazo de entrega;<\/span><\/em><\/li><li style=\"font-weight: 400;\"><em><span style=\"font-weight: 400;\">Un fragmento de muestra.<\/span><\/em><\/li><\/ul><p><span style=\"font-weight: 400;\"><strong>CORRECCI\u00d3N DE ESTILO.<\/strong> Incluye las correcciones:<\/span><\/p><ul><li style=\"font-weight: 400;\"><span style=\"font-weight: 400;\">Ortogr\u00e1fica: acentuaci\u00f3n, puntuaci\u00f3n, may\u00fasculas\/min\u00fasculas, errores ortogr\u00e1ficos.<\/span><\/li><li style=\"font-weight: 400;\"><span style=\"font-weight: 400;\">Gramatical: faltas de concordancia, que\u00edsmo\/deque\u00edsmo, incorrecciones en las formas no personales, etc.<\/span><\/li><li style=\"font-weight: 400;\"><span style=\"font-weight: 400;\">Tipogr\u00e1fica: tipos de letra, espaciados, citas, referencias bibliogr\u00e1ficas.<\/span><\/li><li style=\"font-weight: 400;\"><span style=\"font-weight: 400;\">Redacci\u00f3n: orden de elementos, longitud de oraciones y estructuraci\u00f3n de la informaci\u00f3n.<\/span><\/li><li style=\"font-weight: 400;\"><span style=\"font-weight: 400;\">Estilo: repeticiones, redundancias, circunloquios, muletillas, imprecisiones l\u00e9xicas, extranjerismos, falsos amigos, cacofon\u00edas, inadecuaci\u00f3n\u2026<\/span><\/li><\/ul><p><b>MIS TARIFAS DE CORRECCI\u00d3N<\/b><\/p><table><tbody><tr><td style=\"text-align: center;\"><b><i>PRECIOS (\u20ac)<\/i><\/b><\/td><td style=\"text-align: center;\"><b><i>M\u00ednimo<\/i><\/b><\/td><td style=\"text-align: center;\"><b><i>M\u00e1ximo\u00a0<\/i><\/b><b><i>(hasta +20% recargo)<\/i><\/b><\/td><\/tr><tr><td style=\"text-align: center;\"><i><span style=\"font-weight: 400;\">Por p\u00e1gina<\/span><\/i><\/td><td style=\"text-align: center;\"><i><span style=\"font-weight: 400;\">3 \u20ac<\/span><\/i><\/td><td style=\"text-align: center;\"><i><span style=\"font-weight: 400;\">3\u20195 \u20ac<\/span><\/i><\/td><\/tr><tr><td style=\"text-align: center;\"><i><span style=\"font-weight: 400;\">Por palabra<\/span><\/i><\/td><td style=\"text-align: center;\"><i><span style=\"font-weight: 400;\">0\u201901 \u20ac<\/span><\/i><\/td><td style=\"text-align: center;\"><i><span style=\"font-weight: 400;\">0\u2019012 \u20ac<\/span><\/i><\/td><\/tr><tr><td style=\"text-align: center;\"><i><span style=\"font-weight: 400;\">Cada 1000 matrices<\/span><\/i><\/td><td style=\"text-align: center;\"><i><span style=\"font-weight: 400;\">1\u201970 \u20ac<\/span><\/i><\/td><td style=\"text-align: center;\"><i><span style=\"font-weight: 400;\">2 \u20ac<\/span><\/i><\/td><\/tr><\/tbody><\/table><table><tbody><tr><td><strong><i>CORRECCI\u00d3N\u00a0<\/i><\/strong><i><span style=\"font-weight: 400;\">(estilo+ortotipogr\u00e1fica)<\/span><\/i><\/td><td><strong><i>REVISI\u00d3N TEXTOS TRADUCIDOS<\/i><\/strong><\/td><td><strong><i>REDACCI\u00d3N<\/i><\/strong><\/td><td><strong><i>REESCRITURA DE TEXTOS<\/i><\/strong><\/td><\/tr><tr><td><p><i><span style=\"font-weight: 400;\">1\u201970\u20ac\/1000 matrices<span style=\"color: #ff0000;\">*\u00a0<\/span><\/span><\/i><\/p><p><i><span style=\"font-weight: 400;\">3\u20ac\/P\u00e1gina<\/span><\/i><\/p><p><i><span style=\"font-weight: 400;\">0\u201901\u20ac\/palabra<\/span><\/i><\/p><\/td><td><i><span style=\"font-weight: 400;\">Desde 0\u201903\u20ac\/palabra<\/span><\/i><\/td><td><i><span style=\"font-weight: 400;\">Desde 12\u20ac\/p\u00e1gina<\/span><\/i><\/td><td><i><span style=\"font-weight: 400;\">Desde 17\u20ac\/p\u00e1gina<\/span><\/i><\/td><\/tr><tr><td><p><strong><i>TRADUCCI\u00d3N INGL\u00c9S A ESPA\u00d1OL<\/i><\/strong><\/p><p><i> <\/i><i>Desde\u00a0<\/i><i><span style=\"font-weight: 400;\">0\u201908\u20ac\/palabra<\/span><\/i><\/p><\/td><td><p><i><span style=\"font-weight: 400;\"><strong>TRADUCCI\u00d3N FRANC\u00c9S A ESPA\u00d1OL<\/strong><\/span><\/i><\/p><p><i><span style=\"font-weight: 400;\">Desde 0\u201908\u20ac\/palabra<\/span><\/i><\/p><\/td><td><p><strong><i>SUBTITULACI\u00d3N<\/i><\/strong><\/p><p><i><span style=\"font-weight: 400;\">5\u20ac\/minuto, sin pautado<\/span><\/i><\/p><p><i><span style=\"font-weight: 400;\">7\u20ac\/minuto, con pautado<\/span><\/i><\/p><\/td><td><p><strong><i>AUDIODESCRIPCI\u00d3N<\/i><\/strong><\/p><p><i><span style=\"font-weight: 400;\">Solicite presupuesto<\/span><\/i><\/p><\/td><\/tr><\/tbody><\/table><h6 style=\"padding-left: 30px;\"><span style=\"color: #000080;\"><em><span style=\"font-weight: 400;\"><strong>matrices*:<\/strong> Cada letra o espacio blanco de un texto, es decir, cada pulsaci\u00f3n del teclado. Es lo que MS Word al contar palabras se\u00f1ala como \u00abcaracteres con espacios\u00bb.<\/span><\/em><\/span><\/h6><ul><li style=\"font-weight: 400;\"><span style=\"color: #000080;\"><em><span style=\"font-weight: 400;\">Descuentos por volumen, flexibilidad de fechas, tipo de texto. <\/span><\/em><\/span><\/li><\/ul><ul><li style=\"font-weight: 400;\"><span style=\"color: #000080;\"><em>Tarifas sin IVA.<\/em><\/span><\/li><li style=\"font-weight: 400;\"><span style=\"color: #000080;\"><em><span style=\"font-weight: 400;\">Los precios por p\u00e1gina se basan en un tipo de letra Times o similar, tama\u00f1o 12 y con espaciado de 1,5.<\/span><\/em><\/span><\/li><\/ul><ul><li style=\"font-weight: 400;\"><span style=\"color: #000080;\"><em><span style=\"font-weight: 400;\">Los trabajos urgentes tendr\u00e1n un recargo del 20%. Se consideran urgentes aquellos trabajos para corregir en un plazo inferior a los siguientes (expresados en d\u00edas h\u00e1biles):\u00a0 \u00a0\u00a0<\/span>\u00a0 \u00a0 \u00a0 \u00a0 \u00a0 \u00a0 \u00a0 \u00a0 \u00a0 \u00a0 \u00a0 \u00a0\u00a0\u00a0 \u00a0 \u00a0 \u00a0 \u00a0<\/em><\/span><\/li><\/ul><p style=\"padding-left: 30px;\"><span style=\"color: #000080;\"><em><span style=\"font-weight: 400;\">\u00a0 \u00a0 (<\/span><b>Correcciones):<\/b><span style=\"font-weight: 400;\"><br \/><\/span><\/em><\/span><span style=\"color: #000080;\"><em><span style=\"font-weight: 400;\">\u00a0\u00a0 \u00a01-5 p\u00e1ginas: 2 d\u00edas.<br \/><\/span><\/em><\/span><span style=\"color: #000080;\"><em><span style=\"font-weight: 400;\">\u00a0\u00a0 \u00a06-10 p\u00e1ginas: 4 d\u00edas.<br \/><\/span><\/em><\/span><span style=\"color: #000080;\"><em><span style=\"font-weight: 400;\">\u00a0\u00a0 \u00a011-20 p\u00e1ginas: 7 d\u00edas.<br \/><\/span><\/em><\/span><span style=\"color: #000080;\"><em><span style=\"font-weight: 400;\">\u00a0\u00a0 \u00a0Por cada 10 p\u00e1ginas m\u00e1s, hay que a\u00f1adir 1 d\u00eda.<br \/><\/span><\/em><\/span><span style=\"color: #000080;\"><em><b>NOTA<\/b><span style=\"font-weight: 400;\">:\u00a0El pago puede efectuarse tanto mediante\u00a0transferencia bancaria como a trav\u00e9s de tarjeta de cr\u00e9dito o PayPal. En caso de optar por la segunda opci\u00f3n, el cliente deber\u00e1 abonar la cantidad\u00a0correspondiente a la comisi\u00f3n que cobra PayPal por cada transacci\u00f3n del importe. En cuanto a la\u00a0transferencia,\u00a0si la entidad bancaria emisora\u00a0cobra tambi\u00e9n comisi\u00f3n, esta correr\u00e1 por cuenta del cliente.<\/span><\/em><\/span><\/p><p><b>INFORMES LITERARIOS: <\/b><span style=\"font-weight: 400;\">Solicite presupuesto<\/span><b><br \/><\/b><span style=\"font-weight: 400;\"><br \/><\/span><b>CORRECCI\u00d3N DE GUIONES DE CINE Y TELEVISI\u00d3N<\/b><span style=\"font-weight: 400;\">:\u00a0Solicite presupuesto\u00a0<\/span><\/p><p><b>INFORMES DE LECTURA DE POEMARIOS<span style=\"color: #ff0000;\">**<\/span>:<\/b><\/p><ul><li style=\"font-weight: 400;\"><span style=\"font-weight: 400;\">Hasta 5.000 palabras:\u00a00,01 euros la palabra<\/span><\/li><li style=\"font-weight: 400;\"><span style=\"font-weight: 400;\">A partir de 5.001 palabras:\u00a00,006 euros la palabra\u00a0<\/span><\/li><\/ul><p style=\"padding-left: 30px;\"><i><span style=\"font-weight: 400;\"><span style=\"color: #ff0000;\">**<\/span>P\u00e1gina con contenido literario: no se contabilizan la portada, \u00edndices ni p\u00e1ginas con gr\u00e1ficos.\u00a0<\/span><\/i><i style=\"letter-spacing: 0.1px;\">Cargo m\u00ednimo de 20 euros + IVA<\/i><\/p><h3 style=\"text-align: center;\"><strong>Correctores profesionales y m\u00e1s<\/strong><\/h3>\t\t\t\t\t\t<\/div>\n\t\t\t\t<\/div>\n\t\t\t\t<div class=\"elementor-element elementor-element-d38b999 elementor-alert-info elementor-invisible elementor-widget elementor-widget-alert\" data-id=\"d38b999\" data-element_type=\"widget\" data-settings=\"{&quot;_animation&quot;:&quot;fadeIn&quot;}\" data-widget_type=\"alert.default\">\n\t\t\t\t<div class=\"elementor-widget-container\">\n\t\t\t\t\t<div class=\"elementor-alert\" role=\"alert\">\n\n\t\t\t\t\t\t<span class=\"elementor-alert-title\">RECUERDA: Son tarifas orientativas que variar\u00e1n en funci\u00f3n de las caracter\u00edsticas del texto (volumen, tiempo disponible para el trabajo, etc.). Las tarifas no incluyen el IVA del 21%. Si quiere conocer un presupuesto m\u00e1s ajustado, debe enviar:<\/span>\n\t\t\t\n\t\t\t\t\t\t<span class=\"elementor-alert-description\"><li style=\"font-weight: 400;\"><span style=\"font-weight: 400;\">El n\u00famero de palabras del texto, si se trata de una traducci\u00f3n, o de caracteres con espacios, en el caso de correcciones; <\/span><\/li>\n \t<li style=\"font-weight: 400;\"><span style=\"font-weight: 400;\">La tem\u00e1tica;<\/span><\/li>\n \t<li style=\"font-weight: 400;\"><span style=\"font-weight: 400;\">El plazo de entrega;<\/span><\/li>\n \t<li style=\"font-weight: 400;\"><span style=\"font-weight: 400;\">Un fragmento de muestra.<\/span><\/li>\n<\/ul><\/span>\n\t\t\t\n\t\t\t\t\t\t<button type=\"button\" class=\"elementor-alert-dismiss\">\n\t\t\t\t\t\t\t\t\t<span aria-hidden=\"true\">&times;<\/span>\n\t\t\t\t\t\t\t\t<span class=\"elementor-screen-only\">Ignorer cette alerte.<\/span>\n\t\t\t<\/button>\n\t\t\t\n\t\t<\/div>\n\t\t\t\t<\/div>\n\t\t\t\t<\/div>\n\t\t\t\t\t<\/div>\n\t\t<\/div>\n\t\t\t\t\t<\/div>\n\t\t<\/section>\n\t\t\t\t<section class=\"elementor-section elementor-top-section elementor-element elementor-element-d3ab233 elementor-section-boxed elementor-section-height-default elementor-section-height-default\" data-id=\"d3ab233\" data-element_type=\"section\">\n\t\t\t\t\t\t<div class=\"elementor-container elementor-column-gap-default\">\n\t\t\t\t\t<div class=\"elementor-column elementor-col-100 elementor-top-column elementor-element elementor-element-fbbcc98\" data-id=\"fbbcc98\" data-element_type=\"column\">\n\t\t\t<div class=\"elementor-widget-wrap\">\n\t\t\t\t\t\t\t<\/div>\n\t\t<\/div>\n\t\t\t\t\t<\/div>\n\t\t<\/section>\n\t\t\t\t<\/div>\n\t\t","protected":false},"excerpt":{"rendered":"<p>+TARIFAS: Las tarifas son orientativas, podr\u00e1n variar en funci\u00f3n de las caracter\u00edsticas del texto (volumen, tiempo disponible para el trabajo, complejidad terminol\u00f3gica o conceptual, claridad de exposici\u00f3n, etc.). Las que se ofrecen aqu\u00ed se aplican &#8230; <a title=\"Tarifas y Precios\" class=\"read-more\" href=\"https:\/\/traductor-profesional.com\/fr\/servicios-traduccion\/tarifas\/\" aria-label=\"En savoir plus sur Tarifas y Precios\">Leer m\u00e1s<\/a><\/p>\n","protected":false},"author":1,"featured_media":0,"parent":455,"menu_order":0,"comment_status":"closed","ping_status":"closed","template":"templates\/builder-fullwidth-std.php","meta":{"generate_page_header":"","footnotes":""},"class_list":{"0":"post-666","1":"page","2":"type-page","3":"status-publish","5":"infinite-scroll-item"},"yoast_head":"<!-- This site is optimized with the Yoast SEO plugin v23.9 - https:\/\/yoast.com\/wordpress\/plugins\/seo\/ -->\n<title>Tarifas y Precios - Clemen Corbal\u00e1n<\/title>\n<meta name=\"robots\" content=\"index, follow, max-snippet:-1, max-image-preview:large, max-video-preview:-1\" \/>\n<link rel=\"canonical\" href=\"https:\/\/traductor-profesional.com\/fr\/servicios-traduccion\/tarifas\/\" \/>\n<meta property=\"og:locale\" content=\"fr_FR\" \/>\n<meta property=\"og:type\" content=\"article\" \/>\n<meta property=\"og:title\" content=\"Tarifas y Precios - Clemen Corbal\u00e1n\" \/>\n<meta property=\"og:description\" content=\"+TARIFAS: Las tarifas son orientativas, podr\u00e1n variar en funci\u00f3n de las caracter\u00edsticas del texto (volumen, tiempo disponible para el trabajo, complejidad terminol\u00f3gica o conceptual, claridad de exposici\u00f3n, etc.). Las que se ofrecen aqu\u00ed se aplican ... Leer m\u00e1s\" \/>\n<meta property=\"og:url\" content=\"https:\/\/traductor-profesional.com\/fr\/servicios-traduccion\/tarifas\/\" \/>\n<meta property=\"og:site_name\" content=\"Clemen Corbal\u00e1n\" \/>\n<meta property=\"article:modified_time\" content=\"2019-11-14T07:48:58+00:00\" \/>\n<meta property=\"og:image\" content=\"http:\/\/consultorioveterinario.com\/traductor\/wp-content\/uploads\/2017\/04\/translation-from-home.jpg\" \/>\n<meta name=\"twitter:label1\" content=\"Dur\u00e9e de lecture estim\u00e9e\" \/>\n\t<meta name=\"twitter:data1\" content=\"3 minutes\" \/>\n<script type=\"application\/ld+json\" class=\"yoast-schema-graph\">{\"@context\":\"https:\/\/schema.org\",\"@graph\":[{\"@type\":\"WebPage\",\"@id\":\"https:\/\/traductor-profesional.com\/fr\/servicios-traduccion\/tarifas\/\",\"url\":\"https:\/\/traductor-profesional.com\/fr\/servicios-traduccion\/tarifas\/\",\"name\":\"Tarifas y Precios - Clemen Corbal\u00e1n\",\"isPartOf\":{\"@id\":\"https:\/\/traductor-profesional.com\/#website\"},\"primaryImageOfPage\":{\"@id\":\"https:\/\/traductor-profesional.com\/fr\/servicios-traduccion\/tarifas\/#primaryimage\"},\"image\":{\"@id\":\"https:\/\/traductor-profesional.com\/fr\/servicios-traduccion\/tarifas\/#primaryimage\"},\"thumbnailUrl\":\"http:\/\/consultorioveterinario.com\/traductor\/wp-content\/uploads\/2017\/04\/translation-from-home.jpg\",\"datePublished\":\"2018-05-22T09:14:39+00:00\",\"dateModified\":\"2019-11-14T07:48:58+00:00\",\"breadcrumb\":{\"@id\":\"https:\/\/traductor-profesional.com\/fr\/servicios-traduccion\/tarifas\/#breadcrumb\"},\"inLanguage\":\"fr-FR\",\"potentialAction\":[{\"@type\":\"ReadAction\",\"target\":[\"https:\/\/traductor-profesional.com\/fr\/servicios-traduccion\/tarifas\/\"]}]},{\"@type\":\"ImageObject\",\"inLanguage\":\"fr-FR\",\"@id\":\"https:\/\/traductor-profesional.com\/fr\/servicios-traduccion\/tarifas\/#primaryimage\",\"url\":\"http:\/\/consultorioveterinario.com\/traductor\/wp-content\/uploads\/2017\/04\/translation-from-home.jpg\",\"contentUrl\":\"http:\/\/consultorioveterinario.com\/traductor\/wp-content\/uploads\/2017\/04\/translation-from-home.jpg\"},{\"@type\":\"BreadcrumbList\",\"@id\":\"https:\/\/traductor-profesional.com\/fr\/servicios-traduccion\/tarifas\/#breadcrumb\",\"itemListElement\":[{\"@type\":\"ListItem\",\"position\":1,\"name\":\"Inicio\",\"item\":\"https:\/\/traductor-profesional.com\/fr\/\"},{\"@type\":\"ListItem\",\"position\":2,\"name\":\"Servicios de Traducci\u00f3n\",\"item\":\"https:\/\/traductor-profesional.com\/fr\/servicios-traduccion\/\"},{\"@type\":\"ListItem\",\"position\":3,\"name\":\"Tarifas y Precios\"}]},{\"@type\":\"WebSite\",\"@id\":\"https:\/\/traductor-profesional.com\/#website\",\"url\":\"https:\/\/traductor-profesional.com\/\",\"name\":\"Clemen Corbal\u00e1n\",\"description\":\"Traductora de EN\/FR &gt; ES\",\"potentialAction\":[{\"@type\":\"SearchAction\",\"target\":{\"@type\":\"EntryPoint\",\"urlTemplate\":\"https:\/\/traductor-profesional.com\/?s={search_term_string}\"},\"query-input\":{\"@type\":\"PropertyValueSpecification\",\"valueRequired\":true,\"valueName\":\"search_term_string\"}}],\"inLanguage\":\"fr-FR\"}]}<\/script>\n<!-- \/ Yoast SEO plugin. -->","yoast_head_json":{"title":"Tarifas y Precios - Clemen Corbal\u00e1n","robots":{"index":"index","follow":"follow","max-snippet":"max-snippet:-1","max-image-preview":"max-image-preview:large","max-video-preview":"max-video-preview:-1"},"canonical":"https:\/\/traductor-profesional.com\/fr\/servicios-traduccion\/tarifas\/","og_locale":"fr_FR","og_type":"article","og_title":"Tarifas y Precios - Clemen Corbal\u00e1n","og_description":"+TARIFAS: Las tarifas son orientativas, podr\u00e1n variar en funci\u00f3n de las caracter\u00edsticas del texto (volumen, tiempo disponible para el trabajo, complejidad terminol\u00f3gica o conceptual, claridad de exposici\u00f3n, etc.). Las que se ofrecen aqu\u00ed se aplican ... Leer m\u00e1s","og_url":"https:\/\/traductor-profesional.com\/fr\/servicios-traduccion\/tarifas\/","og_site_name":"Clemen Corbal\u00e1n","article_modified_time":"2019-11-14T07:48:58+00:00","og_image":[{"url":"http:\/\/consultorioveterinario.com\/traductor\/wp-content\/uploads\/2017\/04\/translation-from-home.jpg"}],"twitter_misc":{"Dur\u00e9e de lecture estim\u00e9e":"3 minutes"},"schema":{"@context":"https:\/\/schema.org","@graph":[{"@type":"WebPage","@id":"https:\/\/traductor-profesional.com\/fr\/servicios-traduccion\/tarifas\/","url":"https:\/\/traductor-profesional.com\/fr\/servicios-traduccion\/tarifas\/","name":"Tarifas y Precios - Clemen Corbal\u00e1n","isPartOf":{"@id":"https:\/\/traductor-profesional.com\/#website"},"primaryImageOfPage":{"@id":"https:\/\/traductor-profesional.com\/fr\/servicios-traduccion\/tarifas\/#primaryimage"},"image":{"@id":"https:\/\/traductor-profesional.com\/fr\/servicios-traduccion\/tarifas\/#primaryimage"},"thumbnailUrl":"http:\/\/consultorioveterinario.com\/traductor\/wp-content\/uploads\/2017\/04\/translation-from-home.jpg","datePublished":"2018-05-22T09:14:39+00:00","dateModified":"2019-11-14T07:48:58+00:00","breadcrumb":{"@id":"https:\/\/traductor-profesional.com\/fr\/servicios-traduccion\/tarifas\/#breadcrumb"},"inLanguage":"fr-FR","potentialAction":[{"@type":"ReadAction","target":["https:\/\/traductor-profesional.com\/fr\/servicios-traduccion\/tarifas\/"]}]},{"@type":"ImageObject","inLanguage":"fr-FR","@id":"https:\/\/traductor-profesional.com\/fr\/servicios-traduccion\/tarifas\/#primaryimage","url":"http:\/\/consultorioveterinario.com\/traductor\/wp-content\/uploads\/2017\/04\/translation-from-home.jpg","contentUrl":"http:\/\/consultorioveterinario.com\/traductor\/wp-content\/uploads\/2017\/04\/translation-from-home.jpg"},{"@type":"BreadcrumbList","@id":"https:\/\/traductor-profesional.com\/fr\/servicios-traduccion\/tarifas\/#breadcrumb","itemListElement":[{"@type":"ListItem","position":1,"name":"Inicio","item":"https:\/\/traductor-profesional.com\/fr\/"},{"@type":"ListItem","position":2,"name":"Servicios de Traducci\u00f3n","item":"https:\/\/traductor-profesional.com\/fr\/servicios-traduccion\/"},{"@type":"ListItem","position":3,"name":"Tarifas y Precios"}]},{"@type":"WebSite","@id":"https:\/\/traductor-profesional.com\/#website","url":"https:\/\/traductor-profesional.com\/","name":"Clemen Corbal\u00e1n","description":"Traductora de EN\/FR &gt; ES","potentialAction":[{"@type":"SearchAction","target":{"@type":"EntryPoint","urlTemplate":"https:\/\/traductor-profesional.com\/?s={search_term_string}"},"query-input":{"@type":"PropertyValueSpecification","valueRequired":true,"valueName":"search_term_string"}}],"inLanguage":"fr-FR"}]}},"_links":{"self":[{"href":"https:\/\/traductor-profesional.com\/fr\/wp-json\/wp\/v2\/pages\/666","targetHints":{"allow":["GET"]}}],"collection":[{"href":"https:\/\/traductor-profesional.com\/fr\/wp-json\/wp\/v2\/pages"}],"about":[{"href":"https:\/\/traductor-profesional.com\/fr\/wp-json\/wp\/v2\/types\/page"}],"author":[{"embeddable":true,"href":"https:\/\/traductor-profesional.com\/fr\/wp-json\/wp\/v2\/users\/1"}],"replies":[{"embeddable":true,"href":"https:\/\/traductor-profesional.com\/fr\/wp-json\/wp\/v2\/comments?post=666"}],"version-history":[{"count":0,"href":"https:\/\/traductor-profesional.com\/fr\/wp-json\/wp\/v2\/pages\/666\/revisions"}],"up":[{"embeddable":true,"href":"https:\/\/traductor-profesional.com\/fr\/wp-json\/wp\/v2\/pages\/455"}],"wp:attachment":[{"href":"https:\/\/traductor-profesional.com\/fr\/wp-json\/wp\/v2\/media?parent=666"}],"curies":[{"name":"wp","href":"https:\/\/api.w.org\/{rel}","templated":true}]}}